{"id":627,"date":"2024-03-11T20:37:03","date_gmt":"2024-03-11T20:37:03","guid":{"rendered":"https:\/\/wp.codefellas.io\/?page_id=627"},"modified":"2025-09-17T13:29:28","modified_gmt":"2025-09-17T13:29:28","slug":"imprint","status":"publish","type":"page","link":"https:\/\/codefellas.io\/de\/impressum\/","title":{"rendered":"Impressum"},"content":{"rendered":"<p><strong>Die folgenden Informationen erf\u00fcllen die Anforderungen des \u00a7 5 DDG<\/strong><\/p>\n\n\n\n<p><strong>Codefellas GmbH<\/strong><br>M\u00fchlenhagen 130<br>20539 Hamburg<br>Deutschland<\/p>\n\n\n\n<p>E-Mail: mail@codefellas.io<br>Telefon: +49 (0)40 228 512 74 0<\/p>\n\n\n\n<p>Gesch\u00e4ftsf\u00fchrer: Birger Krah, Daniel Sosa<br><br>Umsatzsteuer-ID-Nr.: DE344179795 Handelsregister: Amtsgericht Hamburg, HRB169609<\/p>","protected":false},"excerpt":{"rendered":"<p>Die folgenden Angaben entsprechen den Anforderungen des \u00a7 5 DDG Codefellas GmbHM\u00fchlenhagen 13020539 HamburgDeutschland Mail: mail@codefellas.ioTelefon: +49 (0)40 228 512 74 0 Gesch\u00e4ftsf\u00fchrer: Birger Krah, Daniel Sosa Umsatzsteuer-ID-Nr.: DE344179795 Handelsregister: Amtsgericht Hamburg, HRB169609<\/p>","protected":false},"author":1,"featured_media":0,"parent":0,"menu_order":0,"comment_status":"closed","ping_status":"open","template":"","meta":{"footnotes":""},"class_list":["post-627","page","type-page","status-publish","hentry"],"yoast_head":"<!-- This site is optimized with the Yoast SEO plugin v23.3 - https:\/\/yoast.com\/wordpress\/plugins\/seo\/ -->\n<title>Imprint \u2665 Codefellas<\/title>\n<meta name=\"robots\" content=\"noindex, follow\" \/>\n<meta property=\"og:locale\" content=\"de_DE\" \/>\n<meta property=\"og:type\" content=\"article\" \/>\n<meta property=\"og:title\" content=\"Imprint \u2665 Codefellas\" \/>\n<meta property=\"og:description\" content=\"The following information meets the requirements of \u00a7 5 DDG Codefellas GmbHM\u00fchlenhagen 13020539 HamburgDeutschland Mail: mail@codefellas.ioPhone: +49 (0)40 228 512 74 0 Managing Directors: Birger Krah, Daniel Sosa Umsatzsteuer-ID-Nr.: DE344179795 Handelsregister: Amtsgericht Hamburg, HRB169609\" \/>\n<meta property=\"og:url\" content=\"https:\/\/codefellas.io\/de\/impressum\/\" \/>\n<meta property=\"og:site_name\" content=\"Codefellas\" \/>\n<meta property=\"article:modified_time\" content=\"2025-09-17T13:29:28+00:00\" \/>\n<meta property=\"og:image\" content=\"https:\/\/codefellas.io\/wp-content\/uploads\/2023\/10\/favicon.png\" \/>\n\t<meta property=\"og:image:width\" content=\"671\" \/>\n\t<meta property=\"og:image:height\" content=\"671\" \/>\n\t<meta property=\"og:image:type\" content=\"image\/png\" \/>\n<meta name=\"twitter:card\" content=\"summary_large_image\" \/>\n<meta name=\"twitter:label1\" content=\"Gesch\u00e4tzte Lesezeit\" \/>\n\t<meta name=\"twitter:data1\" content=\"1\u00a0Minute\" \/>\n<script type=\"application\/ld+json\" class=\"yoast-schema-graph\">{\"@context\":\"https:\/\/schema.org\",\"@graph\":[{\"@type\":\"WebPage\",\"@id\":\"https:\/\/codefellas.io\/impressum\/\",\"url\":\"https:\/\/codefellas.io\/impressum\/\",\"name\":\"Imprint \u2665 Codefellas\",\"isPartOf\":{\"@id\":\"https:\/\/codefellas.io\/en\/#website\"},\"datePublished\":\"2024-03-11T20:37:03+00:00\",\"dateModified\":\"2025-09-17T13:29:28+00:00\",\"breadcrumb\":{\"@id\":\"https:\/\/codefellas.io\/impressum\/#breadcrumb\"},\"inLanguage\":\"de\",\"potentialAction\":[{\"@type\":\"ReadAction\",\"target\":[\"https:\/\/codefellas.io\/impressum\/\"]}]},{\"@type\":\"BreadcrumbList\",\"@id\":\"https:\/\/codefellas.io\/impressum\/#breadcrumb\",\"itemListElement\":[{\"@type\":\"ListItem\",\"position\":1,\"name\":\"Home\",\"item\":\"https:\/\/codefellas.io\/de\/\"},{\"@type\":\"ListItem\",\"position\":2,\"name\":\"Imprint\"}]},{\"@type\":\"WebSite\",\"@id\":\"https:\/\/codefellas.io\/en\/#website\",\"url\":\"https:\/\/codefellas.io\/en\/\",\"name\":\"Codefellas\",\"description\":\"\",\"publisher\":{\"@id\":\"https:\/\/codefellas.io\/en\/#organization\"},\"potentialAction\":[{\"@type\":\"SearchAction\",\"target\":{\"@type\":\"EntryPoint\",\"urlTemplate\":\"https:\/\/codefellas.io\/en\/?s={search_term_string}\"},\"query-input\":\"required name=search_term_string\"}],\"inLanguage\":\"de\"},{\"@type\":\"Organization\",\"@id\":\"https:\/\/codefellas.io\/en\/#organization\",\"name\":\"Codefellas UG\",\"url\":\"https:\/\/codefellas.io\/en\/\",\"logo\":{\"@type\":\"ImageObject\",\"inLanguage\":\"de\",\"@id\":\"https:\/\/codefellas.io\/en\/#\/schema\/logo\/image\/\",\"url\":\"https:\/\/codefellas.io\/wp-content\/uploads\/2023\/10\/signee-tq.svg\",\"contentUrl\":\"https:\/\/codefellas.io\/wp-content\/uploads\/2023\/10\/signee-tq.svg\",\"width\":518,\"height\":626,\"caption\":\"Codefellas UG\"},\"image\":{\"@id\":\"https:\/\/codefellas.io\/en\/#\/schema\/logo\/image\/\"}}]}<\/script>\n<!-- \/ Yoast SEO plugin. -->","yoast_head_json":{"title":"Imprint \u2665 Codefellas","robots":{"index":"noindex","follow":"follow"},"og_locale":"de_DE","og_type":"article","og_title":"Imprint \u2665 Codefellas","og_description":"The following information meets the requirements of \u00a7 5 DDG Codefellas GmbHM\u00fchlenhagen 13020539 HamburgDeutschland Mail: mail@codefellas.ioPhone: +49 (0)40 228 512 74 0 Managing Directors: Birger Krah, Daniel Sosa Umsatzsteuer-ID-Nr.: DE344179795 Handelsregister: Amtsgericht Hamburg, HRB169609","og_url":"https:\/\/codefellas.io\/de\/impressum\/","og_site_name":"Codefellas","article_modified_time":"2025-09-17T13:29:28+00:00","og_image":[{"width":671,"height":671,"url":"https:\/\/codefellas.io\/wp-content\/uploads\/2023\/10\/favicon.png","type":"image\/png"}],"twitter_card":"summary_large_image","twitter_misc":{"Gesch\u00e4tzte Lesezeit":"1\u00a0Minute"},"schema":{"@context":"https:\/\/schema.org","@graph":[{"@type":"WebPage","@id":"https:\/\/codefellas.io\/impressum\/","url":"https:\/\/codefellas.io\/impressum\/","name":"Imprint \u2665 Codefellas","isPartOf":{"@id":"https:\/\/codefellas.io\/en\/#website"},"datePublished":"2024-03-11T20:37:03+00:00","dateModified":"2025-09-17T13:29:28+00:00","breadcrumb":{"@id":"https:\/\/codefellas.io\/impressum\/#breadcrumb"},"inLanguage":"de","potentialAction":[{"@type":"ReadAction","target":["https:\/\/codefellas.io\/impressum\/"]}]},{"@type":"BreadcrumbList","@id":"https:\/\/codefellas.io\/impressum\/#breadcrumb","itemListElement":[{"@type":"ListItem","position":1,"name":"Home","item":"https:\/\/codefellas.io\/de\/"},{"@type":"ListItem","position":2,"name":"Imprint"}]},{"@type":"WebSite","@id":"https:\/\/codefellas.io\/en\/#website","url":"https:\/\/codefellas.io\/en\/","name":"Codefellas","description":"","publisher":{"@id":"https:\/\/codefellas.io\/en\/#organization"},"potentialAction":[{"@type":"SearchAction","target":{"@type":"EntryPoint","urlTemplate":"https:\/\/codefellas.io\/en\/?s={search_term_string}"},"query-input":"required name=search_term_string"}],"inLanguage":"de"},{"@type":"Organization","@id":"https:\/\/codefellas.io\/en\/#organization","name":"Codefellas UG","url":"https:\/\/codefellas.io\/en\/","logo":{"@type":"ImageObject","inLanguage":"de","@id":"https:\/\/codefellas.io\/en\/#\/schema\/logo\/image\/","url":"https:\/\/codefellas.io\/wp-content\/uploads\/2023\/10\/signee-tq.svg","contentUrl":"https:\/\/codefellas.io\/wp-content\/uploads\/2023\/10\/signee-tq.svg","width":518,"height":626,"caption":"Codefellas UG"},"image":{"@id":"https:\/\/codefellas.io\/en\/#\/schema\/logo\/image\/"}}]}},"_links":{"self":[{"href":"https:\/\/codefellas.io\/de\/wp-json\/wp\/v2\/pages\/627","targetHints":{"allow":["GET"]}}],"collection":[{"href":"https:\/\/codefellas.io\/de\/wp-json\/wp\/v2\/pages"}],"about":[{"href":"https:\/\/codefellas.io\/de\/wp-json\/wp\/v2\/types\/page"}],"author":[{"embeddable":true,"href":"https:\/\/codefellas.io\/de\/wp-json\/wp\/v2\/users\/1"}],"replies":[{"embeddable":true,"href":"https:\/\/codefellas.io\/de\/wp-json\/wp\/v2\/comments?post=627"}],"version-history":[{"count":3,"href":"https:\/\/codefellas.io\/de\/wp-json\/wp\/v2\/pages\/627\/revisions"}],"predecessor-version":[{"id":1708,"href":"https:\/\/codefellas.io\/de\/wp-json\/wp\/v2\/pages\/627\/revisions\/1708"}],"wp:attachment":[{"href":"https:\/\/codefellas.io\/de\/wp-json\/wp\/v2\/media?parent=627"}],"curies":[{"name":"wp","href":"https:\/\/api.w.org\/{rel}","templated":true}]}}