{"id":1272,"date":"2024-03-13T10:09:51","date_gmt":"2024-03-13T10:09:51","guid":{"rendered":"https:\/\/wp.codefellas.io\/?page_id=1272"},"modified":"2024-06-28T12:03:48","modified_gmt":"2024-06-28T12:03:48","slug":"jobs","status":"publish","type":"page","link":"https:\/\/codefellas.io\/de\/arbeitsplatze\/","title":{"rendered":"Jobs"},"content":{"rendered":"<div data-elementor-type=\"wp-page\" data-elementor-id=\"1272\" class=\"elementor elementor-1272\" data-elementor-post-type=\"page\">\n\t\t\t\t<div class=\"elementor-element elementor-element-7d6f68a3 e-flex e-con-boxed e-con e-parent\" data-id=\"7d6f68a3\" data-element_type=\"container\">\n\t\t\t\t\t<div class=\"e-con-inner\">\n\t\t\t\t<div class=\"elementor-element elementor-element-22af3a7 elementor-widget elementor-widget-premium-textual-showcase\" data-id=\"22af3a7\" data-element_type=\"widget\" data-widget_type=\"premium-textual-showcase.default\">\n\t\t\t\t<div class=\"elementor-widget-container\">\n\t\t\t\t\t<div class=\"pa-txt-sc__outer-container pa-trigger-on-viewport\">\r\n\t\t\t\t\t\t\t\t<div class=\"pa-txt-sc__item-container elementor-repeater-item-6148da7 pa-txt-sc__effect-none   has-text\">\r\n\t\t\t\t\t\t\t\t\t<span class=\"pa-txt-sc__main-item pa-txt-sc__item-text\" style=\"\"> Wir m\u00f6chten Sie nicht mit auff\u00e4lligen Verg\u00fcnstigungen oder allgemeinen Versprechungen langweilen.<\/span>\r\n\t\t\t\t\t\t\t<\/div>\r\n\t\t\t\t\t\t\t\t\t<div class=\"pa-txt-sc__item-container elementor-repeater-item-8d25839 pa-txt-sc__effect-none   has-text\">\r\n\t\t\t\t\t\t\t\t\t<span class=\"pa-txt-sc__main-item pa-txt-sc__item-text\" style=\"\"> \ud83c\udf4e<\/span>\r\n\t\t\t\t\t\t\t<\/div>\r\n\t\t\t\t\t\t\t\t\t<div class=\"pa-txt-sc__item-container elementor-repeater-item-cb46852 pa-txt-sc__effect-none   has-text\">\r\n\t\t\t\t\t\t\t\t\t<span class=\"pa-txt-sc__main-item pa-txt-sc__item-text\" style=\"\"> Wir sind auf der Suche nach<\/span>\r\n\t\t\t\t\t\t\t<\/div>\r\n\t\t\t\t\t\t\t\t\t<div class=\"pa-txt-sc__item-container elementor-repeater-item-6f82b39 pa-txt-sc__effect-none  pa-clipped-bg has-text\">\r\n\t\t\t\t\t\t\t\t\t<span class=\"pa-txt-sc__main-item pa-txt-sc__item-text\" style=\"\"> wahre Talente<\/span>\r\n\t\t\t\t\t\t\t<\/div>\r\n\t\t\t\t\t\t\t\t\t<div class=\"pa-txt-sc__item-container elementor-repeater-item-02abe64 pa-txt-sc__effect-none   has-text\">\r\n\t\t\t\t\t\t\t\t\t<span class=\"pa-txt-sc__main-item pa-txt-sc__item-text\" style=\"\">  \ud83d\udc68\u200d\ud83d\udcbb<\/span>\r\n\t\t\t\t\t\t\t<\/div>\r\n\t\t\t\t\t\t\t\t\t<div class=\"pa-txt-sc__item-container elementor-repeater-item-25b7c5b pa-txt-sc__effect-none   has-text\">\r\n\t\t\t\t\t\t\t\t\t<span class=\"pa-txt-sc__main-item pa-txt-sc__item-text\" style=\"\"> die motiviert sind, eine zu machen <\/span>\r\n\t\t\t\t\t\t\t<\/div>\r\n\t\t\t\t\t\t\t\t\t<div class=\"pa-txt-sc__item-container elementor-repeater-item-650e3db pa-txt-sc__effect-none   has-text\">\r\n\t\t\t\t\t\t\t\t\t<span class=\"pa-txt-sc__main-item pa-txt-sc__item-text\" style=\"\"> echte Wirkung.<\/span>\r\n\t\t\t\t\t\t\t<\/div>\r\n\t\t\t\t\t\t\t\t\t<div class=\"pa-txt-sc__item-container elementor-repeater-item-f9a17c6 pa-txt-sc__effect-none   has-text\">\r\n\t\t\t\t\t\t\t\t\t<span class=\"pa-txt-sc__main-item pa-txt-sc__item-text\" style=\"\"> Wenn Sie Lust haben, in einem unterst\u00fctzenden und angenehmen Umfeld einen sinnvollen Beitrag zu leisten,<\/span>\r\n\t\t\t\t\t\t\t<\/div>\r\n\t\t\t\t\t\t\t\t\t<div class=\"pa-txt-sc__item-container elementor-repeater-item-3e12772 pa-txt-sc__effect-none  pa-clipped-bg has-text\">\r\n\t\t\t\t\t\t\t\t\t<span class=\"pa-txt-sc__main-item pa-txt-sc__item-text\" style=\"\"> wir wollen von dir h\u00f6ren.<\/span>\r\n\t\t\t\t\t\t\t<\/div>\r\n\t\t\t\t\t\t\t\t\t<div class=\"pa-txt-sc__item-container elementor-repeater-item-aa54fba pa-txt-sc__effect-none   has-text\">\r\n\t\t\t\t\t\t\t\t\t<span class=\"pa-txt-sc__main-item pa-txt-sc__item-text\" style=\"\"> Melde dich <\/span>\r\n\t\t\t\t\t\t\t<\/div>\r\n\t\t\t\t\t\t\t\t\t<div class=\"pa-txt-sc__item-container elementor-repeater-item-a74d790 pa-txt-sc__effect-none   has-text\">\r\n\t\t\t\t\t\t\t\t\t<span class=\"pa-txt-sc__main-item pa-txt-sc__item-text\" style=\"\"> \ud83d\udc8c<\/span>\r\n\t\t\t\t\t\t\t<\/div>\r\n\t\t\t\t\t\t\t\t\t<div class=\"pa-txt-sc__item-container elementor-repeater-item-18d4d85 pa-txt-sc__effect-none   has-text\">\r\n\t\t\t\t\t\t\t\t\t<span class=\"pa-txt-sc__main-item pa-txt-sc__item-text\" style=\"\"> Wenn Sie bereit sind, einem Team beizutreten, in dem Ihre F\u00e4higkeiten und Ihre F\u00e4higkeiten zum Einsatz kommen <\/span>\r\n\t\t\t\t\t\t\t<\/div>\r\n\t\t\t\t\t\t\t\t\t<div class=\"pa-txt-sc__item-container elementor-repeater-item-5a3e2bd pa-txt-sc__effect-none  pa-clipped-bg has-text\">\r\n\t\t\t\t\t\t\t\t\t<span class=\"pa-txt-sc__main-item pa-txt-sc__item-text\" style=\"\"> Hingabe<\/span>\r\n\t\t\t\t\t\t\t<\/div>\r\n\t\t\t\t\t\t\t\t\t<div class=\"pa-txt-sc__item-container elementor-repeater-item-a1d2c85 pa-txt-sc__effect-none   has-text\">\r\n\t\t\t\t\t\t\t\t\t<span class=\"pa-txt-sc__main-item pa-txt-sc__item-text\" style=\"\">  wirklich wichtig.<\/span>\r\n\t\t\t\t\t\t\t<\/div>\r\n\t\t\t\t\t\t<\/div>\r\n\t\t\t\t<\/div>\n\t\t\t\t<\/div>\n\t\t<div class=\"elementor-element elementor-element-64a42f8 e-flex e-con-boxed e-con e-child\" data-id=\"64a42f8\" data-element_type=\"container\">\n\t\t\t\t\t<div class=\"e-con-inner\">\n\t\t\t\t<div class=\"elementor-element elementor-element-88d7d58 elementor-widget elementor-widget-button\" data-id=\"88d7d58\" data-element_type=\"widget\" data-widget_type=\"button.default\">\n\t\t\t\t<div class=\"elementor-widget-container\">\n\t\t\t\t\t<div class=\"elementor-button-wrapper\">\n\t\t\t<a class=\"elementor-button elementor-button-link elementor-size-sm elementor-animation-grow\" href=\"#\">\n\t\t\t\t\t\t<span class=\"elementor-button-content-wrapper\">\n\t\t\t\t\t\t\t\t\t<span class=\"elementor-button-text\">Spezialist f\u00fcr digitales Marketing<\/span>\n\t\t\t\t\t<\/span>\n\t\t\t\t\t<\/a>\n\t\t<\/div>\n\t\t\t\t<\/div>\n\t\t\t\t<\/div>\n\t\t\t\t<div class=\"elementor-element elementor-element-a62f14c elementor-widget elementor-widget-button\" data-id=\"a62f14c\" data-element_type=\"widget\" data-widget_type=\"button.default\">\n\t\t\t\t<div class=\"elementor-widget-container\">\n\t\t\t\t\t<div class=\"elementor-button-wrapper\">\n\t\t\t<a class=\"elementor-button elementor-button-link elementor-size-sm elementor-animation-grow\" href=\"#\">\n\t\t\t\t\t\t<span class=\"elementor-button-content-wrapper\">\n\t\t\t\t\t\t\t\t\t<span class=\"elementor-button-text\">Social-Media-Manager<\/span>\n\t\t\t\t\t<\/span>\n\t\t\t\t\t<\/a>\n\t\t<\/div>\n\t\t\t\t<\/div>\n\t\t\t\t<\/div>\n\t\t\t\t<div class=\"elementor-element elementor-element-17411ee elementor-widget elementor-widget-button\" data-id=\"17411ee\" data-element_type=\"widget\" data-widget_type=\"button.default\">\n\t\t\t\t<div class=\"elementor-widget-container\">\n\t\t\t\t\t<div class=\"elementor-button-wrapper\">\n\t\t\t<a class=\"elementor-button elementor-button-link elementor-size-sm elementor-animation-grow\" href=\"#\">\n\t\t\t\t\t\t<span class=\"elementor-button-content-wrapper\">\n\t\t\t\t\t\t\t\t\t<span class=\"elementor-button-text\">Content-Stratege<\/span>\n\t\t\t\t\t<\/span>\n\t\t\t\t\t<\/a>\n\t\t<\/div>\n\t\t\t\t<\/div>\n\t\t\t\t<\/div>\n\t\t\t\t<div class=\"elementor-element elementor-element-d5d09f5 elementor-widget elementor-widget-button\" data-id=\"d5d09f5\" data-element_type=\"widget\" data-widget_type=\"button.default\">\n\t\t\t\t<div class=\"elementor-widget-container\">\n\t\t\t\t\t<div class=\"elementor-button-wrapper\">\n\t\t\t<a class=\"elementor-button elementor-button-link elementor-size-sm elementor-animation-grow\" href=\"#\">\n\t\t\t\t\t\t<span class=\"elementor-button-content-wrapper\">\n\t\t\t\t\t\t\t\t\t<span class=\"elementor-button-text\">SEO-Spezialist<\/span>\n\t\t\t\t\t<\/span>\n\t\t\t\t\t<\/a>\n\t\t<\/div>\n\t\t\t\t<\/div>\n\t\t\t\t<\/div>\n\t\t\t\t<div class=\"elementor-element elementor-element-0194fb3 elementor-widget elementor-widget-button\" data-id=\"0194fb3\" data-element_type=\"widget\" data-widget_type=\"button.default\">\n\t\t\t\t<div class=\"elementor-widget-container\">\n\t\t\t\t\t<div class=\"elementor-button-wrapper\">\n\t\t\t<a class=\"elementor-button elementor-button-link elementor-size-sm elementor-animation-grow\" href=\"#\">\n\t\t\t\t\t\t<span class=\"elementor-button-content-wrapper\">\n\t\t\t\t\t\t\t\t\t<span class=\"elementor-button-text\">Entwickler f\u00fcr Benutzeroberfl\u00e4chen<\/span>\n\t\t\t\t\t<\/span>\n\t\t\t\t\t<\/a>\n\t\t<\/div>\n\t\t\t\t<\/div>\n\t\t\t\t<\/div>\n\t\t\t\t<div class=\"elementor-element elementor-element-01c51b4 elementor-widget elementor-widget-button\" data-id=\"01c51b4\" data-element_type=\"widget\" data-widget_type=\"button.default\">\n\t\t\t\t<div class=\"elementor-widget-container\">\n\t\t\t\t\t<div class=\"elementor-button-wrapper\">\n\t\t\t<a class=\"elementor-button elementor-button-link elementor-size-sm elementor-animation-grow\" href=\"#\">\n\t\t\t\t\t\t<span class=\"elementor-button-content-wrapper\">\n\t\t\t\t\t\t\t\t\t<span class=\"elementor-button-text\">Backend-Entwickler<\/span>\n\t\t\t\t\t<\/span>\n\t\t\t\t\t<\/a>\n\t\t<\/div>\n\t\t\t\t<\/div>\n\t\t\t\t<\/div>\n\t\t\t\t<div class=\"elementor-element elementor-element-b2b7166 elementor-widget elementor-widget-button\" data-id=\"b2b7166\" data-element_type=\"widget\" data-widget_type=\"button.default\">\n\t\t\t\t<div class=\"elementor-widget-container\">\n\t\t\t\t\t<div class=\"elementor-button-wrapper\">\n\t\t\t<a class=\"elementor-button elementor-button-link elementor-size-sm elementor-animation-grow\" href=\"#\">\n\t\t\t\t\t\t<span class=\"elementor-button-content-wrapper\">\n\t\t\t\t\t\t\t\t\t<span class=\"elementor-button-text\">UI\/UX-Designer<\/span>\n\t\t\t\t\t<\/span>\n\t\t\t\t\t<\/a>\n\t\t<\/div>\n\t\t\t\t<\/div>\n\t\t\t\t<\/div>\n\t\t\t\t<div class=\"elementor-element elementor-element-a132825 elementor-widget elementor-widget-button\" data-id=\"a132825\" data-element_type=\"widget\" data-widget_type=\"button.default\">\n\t\t\t\t<div class=\"elementor-widget-container\">\n\t\t\t\t\t<div class=\"elementor-button-wrapper\">\n\t\t\t<a class=\"elementor-button elementor-button-link elementor-size-sm elementor-animation-grow\" href=\"#\">\n\t\t\t\t\t\t<span class=\"elementor-button-content-wrapper\">\n\t\t\t\t\t\t\t\t\t<span class=\"elementor-button-text\">Daten Analyst<\/span>\n\t\t\t\t\t<\/span>\n\t\t\t\t\t<\/a>\n\t\t<\/div>\n\t\t\t\t<\/div>\n\t\t\t\t<\/div>\n\t\t\t\t<div class=\"elementor-element elementor-element-589d1e6 elementor-widget elementor-widget-button\" data-id=\"589d1e6\" data-element_type=\"widget\" data-widget_type=\"button.default\">\n\t\t\t\t<div class=\"elementor-widget-container\">\n\t\t\t\t\t<div class=\"elementor-button-wrapper\">\n\t\t\t<a class=\"elementor-button elementor-button-link elementor-size-sm elementor-animation-grow\" href=\"#\">\n\t\t\t\t\t\t<span class=\"elementor-button-content-wrapper\">\n\t\t\t\t\t\t\t\t\t<span class=\"elementor-button-text\">Projektmanager<\/span>\n\t\t\t\t\t<\/span>\n\t\t\t\t\t<\/a>\n\t\t<\/div>\n\t\t\t\t<\/div>\n\t\t\t\t<\/div>\n\t\t\t\t\t<\/div>\n\t\t\t\t<\/div>\n\t\t\t\t<div class=\"elementor-element elementor-element-a18a81e elementor-align-left elementor-widget elementor-widget-button\" data-id=\"a18a81e\" data-element_type=\"widget\" data-widget_type=\"button.default\">\n\t\t\t\t<div class=\"elementor-widget-container\">\n\t\t\t\t\t<div class=\"elementor-button-wrapper\">\n\t\t\t<a class=\"elementor-button elementor-button-link elementor-size-sm\" href=\"https:\/\/koalendar.com\/e\/meeting-codefellas\/\" target=\"_blank\">\n\t\t\t\t\t\t<span class=\"elementor-button-content-wrapper\">\n\t\t\t\t\t\t<span class=\"elementor-button-icon\">\n\t\t\t\t<i aria-hidden=\"true\" class=\"far fa-arrow-alt-circle-right\"><\/i>\t\t\t<\/span>\n\t\t\t\t\t\t\t\t\t<span class=\"elementor-button-text\">jobs@codefellas.io<\/span>\n\t\t\t\t\t<\/span>\n\t\t\t\t\t<\/a>\n\t\t<\/div>\n\t\t\t\t<\/div>\n\t\t\t\t<\/div>\n\t\t\t\t\t<\/div>\n\t\t\t\t<\/div>\n\t\t\t\t<\/div>","protected":false},"excerpt":{"rendered":"<p>Wir m\u00f6chten Sie nicht mit auff\u00e4lligen Verg\u00fcnstigungen oder allgemeinen Versprechungen langweilen. \ud83c\udf4e Wir sind auf der Suche nach wahren Talenten \ud83d\udc68\u200d\ud83d\udcbb, die motiviert sind, etwas zu bewirken. Wenn Sie Lust haben, in einem unterst\u00fctzenden und angenehmen Umfeld einen sinnvollen Beitrag zu leisten, m\u00f6chten wir von Ihnen h\u00f6ren. Schreiben Sie uns \ud83d\udc8c, wenn Sie bereit sind, [\u2026]<\/p>","protected":false},"author":1,"featured_media":0,"parent":0,"menu_order":0,"comment_status":"closed","ping_status":"closed","template":"","meta":{"footnotes":""},"class_list":["post-1272","page","type-page","status-publish","hentry"],"yoast_head":"<!-- This site is optimized with the Yoast SEO plugin v23.3 - https:\/\/yoast.com\/wordpress\/plugins\/seo\/ -->\n<title>Jobs \u2665 Codefellas<\/title>\n<meta name=\"robots\" content=\"index, follow, max-snippet:-1, max-image-preview:large, max-video-preview:-1\" \/>\n<link rel=\"canonical\" href=\"http:\/\/codefellas.io\/de\/arbeitsplatze\/\" \/>\n<meta property=\"og:locale\" content=\"de_DE\" \/>\n<meta property=\"og:type\" content=\"article\" \/>\n<meta property=\"og:title\" content=\"Jobs \u2665 Codefellas\" \/>\n<meta property=\"og:description\" content=\"We don&#039;t want to bore you with flashy perks or generic promises. \ud83c\udf4e We&#039;re in search of true talents \ud83d\udc68\u200d\ud83d\udcbb who are motivated to make a real impact. If you&#039;re eager to contribute meaningfully in a supportive and enjoyable environment, we want to hear from you. Drop us a line \ud83d\udc8c if you&#039;re ready to [&hellip;]\" \/>\n<meta property=\"og:url\" content=\"http:\/\/codefellas.io\/de\/arbeitsplatze\/\" \/>\n<meta property=\"og:site_name\" content=\"Codefellas\" \/>\n<meta property=\"article:modified_time\" content=\"2024-06-28T12:03:48+00:00\" \/>\n<meta property=\"og:image\" content=\"https:\/\/codefellas.io\/wp-content\/uploads\/2023\/10\/favicon.png\" \/>\n\t<meta property=\"og:image:width\" content=\"671\" \/>\n\t<meta property=\"og:image:height\" content=\"671\" \/>\n\t<meta property=\"og:image:type\" content=\"image\/png\" \/>\n<meta name=\"twitter:card\" content=\"summary_large_image\" \/>\n<meta name=\"twitter:label1\" content=\"Gesch\u00e4tzte Lesezeit\" \/>\n\t<meta name=\"twitter:data1\" content=\"1\u00a0Minute\" \/>\n<script type=\"application\/ld+json\" class=\"yoast-schema-graph\">{\"@context\":\"https:\/\/schema.org\",\"@graph\":[{\"@type\":\"WebPage\",\"@id\":\"http:\/\/codefellas.io\/de\/arbeitsplatze\/\",\"url\":\"http:\/\/codefellas.io\/de\/arbeitsplatze\/\",\"name\":\"Jobs \u2665 Codefellas\",\"isPartOf\":{\"@id\":\"https:\/\/codefellas.io\/en\/#website\"},\"datePublished\":\"2024-03-13T10:09:51+00:00\",\"dateModified\":\"2024-06-28T12:03:48+00:00\",\"breadcrumb\":{\"@id\":\"http:\/\/codefellas.io\/de\/arbeitsplatze\/#breadcrumb\"},\"inLanguage\":\"de\",\"potentialAction\":[{\"@type\":\"ReadAction\",\"target\":[\"http:\/\/codefellas.io\/de\/arbeitsplatze\/\"]}]},{\"@type\":\"BreadcrumbList\",\"@id\":\"http:\/\/codefellas.io\/de\/arbeitsplatze\/#breadcrumb\",\"itemListElement\":[{\"@type\":\"ListItem\",\"position\":1,\"name\":\"Home\",\"item\":\"https:\/\/codefellas.io\/de\/\"},{\"@type\":\"ListItem\",\"position\":2,\"name\":\"Jobs\"}]},{\"@type\":\"WebSite\",\"@id\":\"https:\/\/codefellas.io\/en\/#website\",\"url\":\"https:\/\/codefellas.io\/en\/\",\"name\":\"Codefellas\",\"description\":\"\",\"publisher\":{\"@id\":\"https:\/\/codefellas.io\/en\/#organization\"},\"potentialAction\":[{\"@type\":\"SearchAction\",\"target\":{\"@type\":\"EntryPoint\",\"urlTemplate\":\"https:\/\/codefellas.io\/en\/?s={search_term_string}\"},\"query-input\":\"required name=search_term_string\"}],\"inLanguage\":\"de\"},{\"@type\":\"Organization\",\"@id\":\"https:\/\/codefellas.io\/en\/#organization\",\"name\":\"Codefellas UG\",\"url\":\"https:\/\/codefellas.io\/en\/\",\"logo\":{\"@type\":\"ImageObject\",\"inLanguage\":\"de\",\"@id\":\"https:\/\/codefellas.io\/en\/#\/schema\/logo\/image\/\",\"url\":\"https:\/\/codefellas.io\/wp-content\/uploads\/2023\/10\/signee-tq.svg\",\"contentUrl\":\"https:\/\/codefellas.io\/wp-content\/uploads\/2023\/10\/signee-tq.svg\",\"width\":518,\"height\":626,\"caption\":\"Codefellas UG\"},\"image\":{\"@id\":\"https:\/\/codefellas.io\/en\/#\/schema\/logo\/image\/\"}}]}<\/script>\n<!-- \/ Yoast SEO plugin. -->","yoast_head_json":{"title":"Jobs \u2665 Codefellas","robots":{"index":"index","follow":"follow","max-snippet":"max-snippet:-1","max-image-preview":"max-image-preview:large","max-video-preview":"max-video-preview:-1"},"canonical":"http:\/\/codefellas.io\/de\/arbeitsplatze\/","og_locale":"de_DE","og_type":"article","og_title":"Jobs \u2665 Codefellas","og_description":"We don&#039;t want to bore you with flashy perks or generic promises. \ud83c\udf4e We&#039;re in search of true talents \ud83d\udc68\u200d\ud83d\udcbb who are motivated to make a real impact. If you&#039;re eager to contribute meaningfully in a supportive and enjoyable environment, we want to hear from you. Drop us a line \ud83d\udc8c if you&#039;re ready to [&hellip;]","og_url":"http:\/\/codefellas.io\/de\/arbeitsplatze\/","og_site_name":"Codefellas","article_modified_time":"2024-06-28T12:03:48+00:00","og_image":[{"width":671,"height":671,"url":"https:\/\/codefellas.io\/wp-content\/uploads\/2023\/10\/favicon.png","type":"image\/png"}],"twitter_card":"summary_large_image","twitter_misc":{"Gesch\u00e4tzte Lesezeit":"1\u00a0Minute"},"schema":{"@context":"https:\/\/schema.org","@graph":[{"@type":"WebPage","@id":"http:\/\/codefellas.io\/de\/arbeitsplatze\/","url":"http:\/\/codefellas.io\/de\/arbeitsplatze\/","name":"Jobs \u2665 Codefellas","isPartOf":{"@id":"https:\/\/codefellas.io\/en\/#website"},"datePublished":"2024-03-13T10:09:51+00:00","dateModified":"2024-06-28T12:03:48+00:00","breadcrumb":{"@id":"http:\/\/codefellas.io\/de\/arbeitsplatze\/#breadcrumb"},"inLanguage":"de","potentialAction":[{"@type":"ReadAction","target":["http:\/\/codefellas.io\/de\/arbeitsplatze\/"]}]},{"@type":"BreadcrumbList","@id":"http:\/\/codefellas.io\/de\/arbeitsplatze\/#breadcrumb","itemListElement":[{"@type":"ListItem","position":1,"name":"Home","item":"https:\/\/codefellas.io\/de\/"},{"@type":"ListItem","position":2,"name":"Jobs"}]},{"@type":"WebSite","@id":"https:\/\/codefellas.io\/en\/#website","url":"https:\/\/codefellas.io\/en\/","name":"Codefellas","description":"","publisher":{"@id":"https:\/\/codefellas.io\/en\/#organization"},"potentialAction":[{"@type":"SearchAction","target":{"@type":"EntryPoint","urlTemplate":"https:\/\/codefellas.io\/en\/?s={search_term_string}"},"query-input":"required name=search_term_string"}],"inLanguage":"de"},{"@type":"Organization","@id":"https:\/\/codefellas.io\/en\/#organization","name":"Codefellas UG","url":"https:\/\/codefellas.io\/en\/","logo":{"@type":"ImageObject","inLanguage":"de","@id":"https:\/\/codefellas.io\/en\/#\/schema\/logo\/image\/","url":"https:\/\/codefellas.io\/wp-content\/uploads\/2023\/10\/signee-tq.svg","contentUrl":"https:\/\/codefellas.io\/wp-content\/uploads\/2023\/10\/signee-tq.svg","width":518,"height":626,"caption":"Codefellas UG"},"image":{"@id":"https:\/\/codefellas.io\/en\/#\/schema\/logo\/image\/"}}]}},"_links":{"self":[{"href":"https:\/\/codefellas.io\/de\/wp-json\/wp\/v2\/pages\/1272","targetHints":{"allow":["GET"]}}],"collection":[{"href":"https:\/\/codefellas.io\/de\/wp-json\/wp\/v2\/pages"}],"about":[{"href":"https:\/\/codefellas.io\/de\/wp-json\/wp\/v2\/types\/page"}],"author":[{"embeddable":true,"href":"https:\/\/codefellas.io\/de\/wp-json\/wp\/v2\/users\/1"}],"replies":[{"embeddable":true,"href":"https:\/\/codefellas.io\/de\/wp-json\/wp\/v2\/comments?post=1272"}],"version-history":[{"count":34,"href":"https:\/\/codefellas.io\/de\/wp-json\/wp\/v2\/pages\/1272\/revisions"}],"predecessor-version":[{"id":1619,"href":"https:\/\/codefellas.io\/de\/wp-json\/wp\/v2\/pages\/1272\/revisions\/1619"}],"wp:attachment":[{"href":"https:\/\/codefellas.io\/de\/wp-json\/wp\/v2\/media?parent=1272"}],"curies":[{"name":"wp","href":"https:\/\/api.w.org\/{rel}","templated":true}]}}